{"id":88,"date":"2015-07-15T14:29:54","date_gmt":"2015-07-15T14:29:54","guid":{"rendered":"http:\/\/amvd.fr\/?page_id=88"},"modified":"2021-06-10T07:54:28","modified_gmt":"2021-06-10T07:54:28","slug":"les-locaux-jeunes","status":"publish","type":"page","link":"https:\/\/amvd.fr\/?page_id=88","title":{"rendered":"Local jeunes"},"content":{"rendered":"<h2><a href=\"https:\/\/amvd.fr\/wp-content\/uploads\/2016\/08\/jeunesse.gif\"><img fetchpriority=\"high\" decoding=\"async\" class=\"aligncenter wp-image-1846\" src=\"https:\/\/amvd.fr\/wp-content\/uploads\/2016\/08\/jeunesse-632x474.gif\" alt=\"\" width=\"336\" height=\"252\" \/><\/a><\/h2>\n<h2 style=\"text-align: center;\"><strong>Pr\u00e9-ados\/ados de 11 \u00e0 17 ans &#8211; Jarria Pinto Lutumba\u00a0et Vincent LEMARCHAND<a href=\"https:\/\/www.facebook.com\/Local-Jeunes-AMVD-402910620100783\/\"><img decoding=\"async\" class=\"wp-image-1197 alignleft\" src=\"https:\/\/amvd.fr\/wp-content\/uploads\/2015\/07\/fb_icon_325x325.png\" alt=\"\" width=\"74\" height=\"74\" \/><\/a><\/strong><\/h2>\n<p style=\"text-align: center;\">Situ\u00e9 au c\u0153ur du quartier de la Pierre Heuz\u00e9, ce lieu de loisirs collectifs et de construction de projets est\u00a0ouvert aux jeunes de 11 \u00e0 17 ans.<br \/>\nCes locaux offrent \u00e0 chaque jeune la possibilit\u00e9 de s\u2019impliquer dans<br \/>\nl\u2019organisation de ses loisirs : sports, cultures, arts et multim\u00e9dia, jeux, s\u00e9jours et stages &#8230;<br \/>\nDe nombreux projets sont \u00e9galement mis en place (MAO, vid\u00e9o, sorties, cr\u00e9ations manuelles, &#8230;).<\/p>\n<h2 style=\"text-align: center;\"><strong>Horaires :<\/strong><\/h2>\n<p style=\"text-align: center;\"><strong>Ann\u00e9e\u00a0scolaire :\u00a0<\/strong><\/p>\n<p style=\"text-align: center;\">Mardi : de 16 h 30 \u00e0 18 h 00 (cr\u00e9neau CM2)<br \/>\nVendredi : de 17 h 00 \u00e0 18 h 30<br \/>\nMercredi et samedi : de 13 h 30 \u00e0 18 h 30 \/ 19 h 00<\/p>\n<p style=\"text-align: center;\"><strong>Pendant les vacances scolaires :<\/strong><\/p>\n<p style=\"text-align: center;\">Du lundi au vendredi : de 10 h 00 \u00e0 12 h 00 (en fonction des projets et ateliers pr\u00e9vus) et de 13 h 30 \u00e0 18 h 30<\/p>\n<p style=\"text-align: center;\">Soir\u00e9e selon la demande et l&rsquo;\u00e2ge des jeunes.<\/p>\n<p style=\"text-align: center;\"><em>Les horaires peuvent \u00eatre modifi\u00e9s en fonction des activit\u00e9s propos\u00e9es.<\/em><\/p>\n<h2 style=\"text-align: center;\"><strong>Tarifs<\/strong><\/h2>\n<p style=\"text-align: center;\">Adh\u00e9sion annuelle 5\u20ac<\/p>\n<p>&nbsp;<\/p>\n","protected":false},"excerpt":{"rendered":"<p>Pr\u00e9-ados\/ados de 11 \u00e0 17 ans &#8211; Jarria Pinto Lutumba\u00a0et Vincent LEMARCHAND Situ\u00e9 au c\u0153ur du quartier de la Pierre Heuz\u00e9, ce lieu de loisirs collectifs et de construction de projets est\u00a0ouvert aux jeunes de 11 \u00e0 17 ans. Ces locaux offrent \u00e0 chaque jeune la possibilit\u00e9 de s\u2019impliquer dans l\u2019organisation de ses loisirs : [&hellip;]<\/p>\n","protected":false},"author":1,"featured_media":0,"parent":86,"menu_order":0,"comment_status":"closed","ping_status":"closed","template":"templates\/template-page-full-width.php","meta":{"footnotes":""},"class_list":["post-88","page","type-page","status-publish","hentry"],"jetpack_sharing_enabled":true,"_links":{"self":[{"href":"https:\/\/amvd.fr\/index.php?rest_route=\/wp\/v2\/pages\/88","targetHints":{"allow":["GET"]}}],"collection":[{"href":"https:\/\/amvd.fr\/index.php?rest_route=\/wp\/v2\/pages"}],"about":[{"href":"https:\/\/amvd.fr\/index.php?rest_route=\/wp\/v2\/types\/page"}],"author":[{"embeddable":true,"href":"https:\/\/amvd.fr\/index.php?rest_route=\/wp\/v2\/users\/1"}],"replies":[{"embeddable":true,"href":"https:\/\/amvd.fr\/index.php?rest_route=%2Fwp%2Fv2%2Fcomments&post=88"}],"version-history":[{"count":36,"href":"https:\/\/amvd.fr\/index.php?rest_route=\/wp\/v2\/pages\/88\/revisions"}],"predecessor-version":[{"id":2316,"href":"https:\/\/amvd.fr\/index.php?rest_route=\/wp\/v2\/pages\/88\/revisions\/2316"}],"up":[{"embeddable":true,"href":"https:\/\/amvd.fr\/index.php?rest_route=\/wp\/v2\/pages\/86"}],"wp:attachment":[{"href":"https:\/\/amvd.fr\/index.php?rest_route=%2Fwp%2Fv2%2Fmedia&parent=88"}],"curies":[{"name":"wp","href":"https:\/\/api.w.org\/{rel}","templated":true}]}}